{"id":1546,"date":"2025-04-26T02:04:22","date_gmt":"2025-04-25T23:04:22","guid":{"rendered":"https:\/\/tufekcilogistics.com\/?page_id=1546"},"modified":"2025-08-19T09:04:19","modified_gmt":"2025-08-19T06:04:19","slug":"kullanim-sartlari","status":"publish","type":"page","link":"https:\/\/tufekcilogistics.com\/az\/kullanim-sartlari\/","title":{"rendered":"\u0130ST\u0130FAD\u018f \u015e\u018fRTL\u018fR\u0130"},"content":{"rendered":"<p class=\"\" data-start=\"119\" data-end=\"157\"><strong data-start=\"119\" data-end=\"157\">Son Yenil\u0259nm\u0259 Tarixi: [26.04.2025]<\/strong><\/p>\n<h3 class=\"\" data-start=\"159\" data-end=\"171\">1. Giri\u015f<\/h3>\n<p class=\"\" data-start=\"173\" data-end=\"421\">Bu veb sayt <strong data-start=\"185\" data-end=\"206\">T\u00fcfek\u00e7i Logistics<\/strong> t\u0259r\u0259find\u0259n idar\u0259 olunmaqdad\u0131r v\u0259 sayt\u0131 ziyar\u0259t ed\u0259n b\u00fct\u00fcn istifad\u0259\u00e7il\u0259r a\u015fa\u011f\u0131da g\u00f6st\u0259ril\u0259n \u015f\u0259rtl\u0259ri q\u0259bul etmi\u015f say\u0131l\u0131r.<br data-start=\"327\" data-end=\"330\" \/>L\u00fctf\u0259n, veb sayt\u0131m\u0131zdan istifad\u0259 etm\u0259zd\u0259n \u0259vv\u0259l bu <strong data-start=\"381\" data-end=\"402\">\u0130stifad\u0259 \u015e\u0259rtl\u0259ri<\/strong>ni diqq\u0259tl\u0259 oxuyun.<\/p>\n<h3 class=\"\" data-start=\"423\" data-end=\"451\">2. Veb Sayt\u0131n \u0130stifad\u0259si<\/h3>\n<ul data-start=\"453\" data-end=\"690\">\n<li class=\"\" data-start=\"453\" data-end=\"529\">\n<p class=\"\" data-start=\"455\" data-end=\"529\">Veb saytda yer alan b\u00fct\u00fcn m\u0259zmun yaln\u0131z m\u0259lumatland\u0131rma m\u0259qs\u0259di da\u015f\u0131y\u0131r.<\/p>\n<\/li>\n<li class=\"\" data-start=\"530\" data-end=\"620\">\n<p class=\"\" data-start=\"532\" data-end=\"620\">\u0130stifad\u0259\u00e7il\u0259r, saytdak\u0131 m\u0259zmunu icaz\u0259siz \u015f\u0259kild\u0259 k\u00f6\u00e7\u00fcr\u0259, \u00e7oxalda v\u0259 ya payla\u015fa bilm\u0259z.<\/p>\n<\/li>\n<li class=\"\" data-start=\"621\" data-end=\"690\">\n<p class=\"\" data-start=\"623\" data-end=\"690\">Veb sayt\u0131n qanunsuz m\u0259qs\u0259dl\u0259rl\u0259 istifad\u0259si q\u0259ti \u015f\u0259kild\u0259 qada\u011fand\u0131r.<\/p>\n<\/li>\n<\/ul>\n<h3 class=\"\" data-start=\"692\" data-end=\"720\">3. M\u0259zmun v\u0259 Yenil\u0259m\u0259l\u0259r<\/h3>\n<ul data-start=\"722\" data-end=\"1012\">\n<li class=\"\" data-start=\"722\" data-end=\"840\">\n<p class=\"\" data-start=\"724\" data-end=\"840\"><strong data-start=\"724\" data-end=\"745\">T\u00fcfek\u00e7i Logistics<\/strong>, veb sayt\u0131ndak\u0131 m\u0259zmunu \u0259vv\u0259lc\u0259d\u0259n x\u0259b\u0259rdarl\u0131q etm\u0259d\u0259n d\u0259yi\u015fdirm\u0259k h\u00fcququnu \u00f6z\u00fcnd\u0259 saxlay\u0131r.<\/p>\n<\/li>\n<li class=\"\" data-start=\"841\" data-end=\"936\">\n<p class=\"\" data-start=\"843\" data-end=\"936\">Saytda t\u0259qdim olunan m\u0259lumatlar\u0131n tam, d\u00fczg\u00fcn v\u0259 ya aktual olaca\u011f\u0131na dair z\u0259man\u0259t verilmir.<\/p>\n<\/li>\n<li class=\"\" data-start=\"937\" data-end=\"1012\">\n<p class=\"\" data-start=\"939\" data-end=\"1012\">Yay\u0131nlanan m\u0259zmunlar h\u00fcquqi \u00f6hd\u0259lik v\u0259 ya r\u0259smi t\u0259klif xarakteri da\u015f\u0131m\u0131r.<\/p>\n<\/li>\n<\/ul>\n<h3 class=\"\" data-start=\"1014\" data-end=\"1045\">4. \u018fqli M\u00fclkiyy\u0259t H\u00fcquqlar\u0131<\/h3>\n<ul data-start=\"1047\" data-end=\"1304\">\n<li class=\"\" data-start=\"1047\" data-end=\"1198\">\n<p class=\"\" data-start=\"1049\" data-end=\"1198\">Veb saytda yer alan b\u00fct\u00fcn \u015f\u0259kill\u0259r, m\u0259tnl\u0259r, loqolar, markalar v\u0259 dig\u0259r m\u0259zmunlar <strong data-start=\"1131\" data-end=\"1152\">T\u00fcfek\u00e7i Logistics<\/strong>\u0259 v\u0259 ya m\u00fcvafiq h\u00fcquq sahibl\u0259rin\u0259 m\u0259xsusdur.<\/p>\n<\/li>\n<li class=\"\" data-start=\"1199\" data-end=\"1304\">\n<p class=\"\" data-start=\"1201\" data-end=\"1304\">Bu m\u0259zmunlar yaz\u0131l\u0131 icaz\u0259 olmadan k\u00f6\u00e7\u00fcr\u00fcl\u0259, \u00e7oxald\u0131la v\u0259 ya ba\u015fqa platformalarda istifad\u0259 oluna bilm\u0259z.<\/p>\n<\/li>\n<\/ul>\n<h3 class=\"\" data-start=\"1306\" data-end=\"1338\">5. \u00dc\u00e7\u00fcnc\u00fc T\u0259r\u0259f Ba\u011flant\u0131lar\u0131<\/h3>\n<ul data-start=\"1340\" data-end=\"1525\">\n<li class=\"\" data-start=\"1340\" data-end=\"1449\">\n<p class=\"\" data-start=\"1342\" data-end=\"1449\">Veb sayt\u0131m\u0131zda t\u0259qdim olunan \u00fc\u00e7\u00fcnc\u00fc t\u0259r\u0259f ke\u00e7idl\u0259ri <strong data-start=\"1394\" data-end=\"1415\">T\u00fcfek\u00e7i Logistics<\/strong>in n\u0259zar\u0259ti xaricind\u0259 ola bil\u0259r.<\/p>\n<\/li>\n<li class=\"\" data-start=\"1450\" data-end=\"1525\">\n<p class=\"\" data-start=\"1452\" data-end=\"1525\">Bu saytlarda yer alan m\u0259zmun v\u0259 xidm\u0259tl\u0259rd\u0259n firmam\u0131z m\u0259suliyy\u0259t da\u015f\u0131m\u0131r.<\/p>\n<\/li>\n<\/ul>\n<h3 class=\"\" data-start=\"1527\" data-end=\"1565\">6. M\u0259suliyy\u0259tin M\u0259hdudla\u015fd\u0131r\u0131lmas\u0131<\/h3>\n<ul data-start=\"1567\" data-end=\"1756\">\n<li class=\"\" data-start=\"1567\" data-end=\"1681\">\n<p class=\"\" data-start=\"1569\" data-end=\"1681\"><strong data-start=\"1569\" data-end=\"1590\">T\u00fcfek\u00e7i Logistics<\/strong>, veb sayt\u0131n istifad\u0259sind\u0259n do\u011fan birba\u015fa v\u0259 ya dolay\u0131 z\u0259r\u0259rl\u0259r\u0259 g\u00f6r\u0259 m\u0259suliyy\u0259t da\u015f\u0131m\u0131r.<\/p>\n<\/li>\n<li class=\"\" data-start=\"1682\" data-end=\"1756\">\n<p class=\"\" data-start=\"1684\" data-end=\"1756\">Veb sayta giri\u015f v\u0259 istifad\u0259 tamamil\u0259 istifad\u0259\u00e7inin \u00f6z m\u0259suliyy\u0259tind\u0259dir.<\/p>\n<\/li>\n<\/ul>\n<h3 class=\"\" data-start=\"1758\" data-end=\"1782\">7. D\u0259yi\u015fiklik H\u00fcququ<\/h3>\n<ul data-start=\"1784\" data-end=\"1987\">\n<li class=\"\" data-start=\"1784\" data-end=\"1902\">\n<p class=\"\" data-start=\"1786\" data-end=\"1902\"><strong data-start=\"1786\" data-end=\"1807\">T\u00fcfek\u00e7i Logistics<\/strong>, bu <strong data-start=\"1812\" data-end=\"1833\">\u0130stifad\u0259 \u015e\u0259rtl\u0259ri<\/strong> \u00fcz\u0259rind\u0259 ist\u0259nil\u0259n vaxt d\u0259yi\u015fiklik etm\u0259k h\u00fcququnu \u00f6z\u00fcnd\u0259 saxlay\u0131r.<\/p>\n<\/li>\n<li class=\"\" data-start=\"1903\" data-end=\"1987\">\n<p class=\"\" data-start=\"1905\" data-end=\"1987\">Edil\u0259n d\u0259yi\u015fiklikl\u0259r veb sayt \u00fcz\u0259rind\u0259n yay\u0131mland\u0131\u011f\u0131 andan etibar\u0259n q\u00fcvv\u0259y\u0259 minir.<\/p>\n<\/li>\n<\/ul>\n<h3 class=\"\" data-start=\"1989\" data-end=\"2015\">8. M\u00fcbahis\u0259l\u0259rin H\u0259lli<\/h3>\n<ul data-start=\"2017\" data-end=\"2187\">\n<li class=\"\" data-start=\"2017\" data-end=\"2099\">\n<p class=\"\" data-start=\"2019\" data-end=\"2099\">Bu <strong data-start=\"2022\" data-end=\"2043\">\u0130stifad\u0259 \u015e\u0259rtl\u0259ri<\/strong> Az\u0259rbaycan Respublikas\u0131n\u0131n qanunvericiliyin\u0259 tabedir.<\/p>\n<\/li>\n<li class=\"\" data-start=\"2100\" data-end=\"2187\">\n<p class=\"\" data-start=\"2102\" data-end=\"2187\">H\u0259r hans\u0131 m\u00fcbahis\u0259 hal\u0131nda Bak\u0131 \u015f\u0259h\u0259ri m\u0259hk\u0259m\u0259l\u0259ri v\u0259 icra orqanlar\u0131 s\u0259lahiyy\u0259tlidir.<\/p>\n<\/li>\n<\/ul>\n<h3 class=\"\" data-start=\"2189\" data-end=\"2201\">9. \u018flaq\u0259<\/h3>\n<p class=\"\" data-start=\"2203\" data-end=\"2307\">Bu <strong data-start=\"2206\" data-end=\"2227\">\u0130stifad\u0259 \u015e\u0259rtl\u0259ri<\/strong> il\u0259 ba\u011fl\u0131 suallar\u0131n\u0131z v\u0259 ya t\u0259l\u0259bl\u0259riniz \u00fc\u00e7\u00fcn biziml\u0259 \u0259laq\u0259 saxlaya bil\u0259rsiniz:<\/p>\n<p class=\"\" data-start=\"2309\" data-end=\"2478\"><strong data-start=\"2309\" data-end=\"2330\">T\u00fcfek\u00e7i Logistics<\/strong><br data-start=\"2330\" data-end=\"2333\" \/><strong data-start=\"2333\" data-end=\"2342\">\u00dcnvan<\/strong>: GLOBUS CENTER CAF\u018fR CABBARLI K\u00dc\u00c7\u018fS\u0130 609 YASAMAL \/ BAKI \/ AZ\u018fRBAYCAN<br data-start=\"2411\" data-end=\"2414\" \/><strong data-start=\"2414\" data-end=\"2424\">E-po\u00e7t<\/strong>: [info<a>@tufekcilogistics.com<\/a>]<br data-start=\"2459\" data-end=\"2462\" \/><strong data-start=\"2462\" data-end=\"2473\">Telefon<\/strong>: [*]<\/p>\n","protected":false},"excerpt":{"rendered":"<p>Son Yenil\u0259nm\u0259 Tarixi: [26.04.2025] 1. Giri\u015f Bu veb sayt T\u00fcfek\u00e7i Logistics t\u0259r\u0259find\u0259n idar\u0259 olunmaqdad\u0131r v\u0259 sayt\u0131 ziyar\u0259t ed\u0259n b\u00fct\u00fcn istifad\u0259\u00e7il\u0259r a\u015fa\u011f\u0131da g\u00f6st\u0259ril\u0259n \u015f\u0259rtl\u0259ri q\u0259bul etmi\u015f say\u0131l\u0131r.L\u00fctf\u0259n, veb sayt\u0131m\u0131zdan istifad\u0259 etm\u0259zd\u0259n \u0259vv\u0259l bu \u0130stifad\u0259 \u015e\u0259rtl\u0259rini diqq\u0259tl\u0259 oxuyun. 2. Veb Sayt\u0131n \u0130stifad\u0259si Veb saytda yer alan b\u00fct\u00fcn m\u0259zmun yaln\u0131z m\u0259lumatland\u0131rma m\u0259qs\u0259di da\u015f\u0131y\u0131r. \u0130stifad\u0259\u00e7il\u0259r, saytdak\u0131 m\u0259zmunu icaz\u0259siz \u015f\u0259kild\u0259&hellip;<\/p>\n","protected":false},"author":5,"featured_media":0,"parent":0,"menu_order":0,"comment_status":"closed","ping_status":"closed","template":"","meta":{"footnotes":""},"class_list":["post-1546","page","type-page","status-publish","hentry","description-off"],"jetpack_sharing_enabled":true,"_links":{"self":[{"href":"https:\/\/tufekcilogistics.com\/az\/wp-json\/wp\/v2\/pages\/1546","targetHints":{"allow":["GET"]}}],"collection":[{"href":"https:\/\/tufekcilogistics.com\/az\/wp-json\/wp\/v2\/pages"}],"about":[{"href":"https:\/\/tufekcilogistics.com\/az\/wp-json\/wp\/v2\/types\/page"}],"author":[{"embeddable":true,"href":"https:\/\/tufekcilogistics.com\/az\/wp-json\/wp\/v2\/users\/5"}],"replies":[{"embeddable":true,"href":"https:\/\/tufekcilogistics.com\/az\/wp-json\/wp\/v2\/comments?post=1546"}],"version-history":[{"count":19,"href":"https:\/\/tufekcilogistics.com\/az\/wp-json\/wp\/v2\/pages\/1546\/revisions"}],"predecessor-version":[{"id":2040,"href":"https:\/\/tufekcilogistics.com\/az\/wp-json\/wp\/v2\/pages\/1546\/revisions\/2040"}],"wp:attachment":[{"href":"https:\/\/tufekcilogistics.com\/az\/wp-json\/wp\/v2\/media?parent=1546"}],"curies":[{"name":"wp","href":"https:\/\/api.w.org\/{rel}","templated":true}]}}