{"id":1344,"date":"2023-10-16T19:06:11","date_gmt":"2023-10-16T16:06:11","guid":{"rendered":"https:\/\/tufekcilogistics.com\/?page_id=1344"},"modified":"2025-04-29T03:35:08","modified_gmt":"2025-04-29T00:35:08","slug":"politikamiz","status":"publish","type":"page","link":"https:\/\/tufekcilogistics.com\/en\/politikamiz\/","title":{"rendered":"POL\u0130T\u0130KAMIZ"},"content":{"rendered":"<p>[vc_row][vc_column][vc_text_separator title=&#8221;POL\u0130T\u0130KAMIZ&#8221;][vc_single_image image=&#8221;1346&#8243; img_size=&#8221;full&#8221; alignment=&#8221;center&#8221; style=&#8221;vc_box_shadow_border&#8221;][\/vc_column][\/vc_row][vc_row][vc_column][vc_column_text]<\/p>\n<p style=\"text-align: center; font-size: 16px;\">Hizmet vermenin getirdi\u011fi sorumluluk ve bilin\u00e7le, bug\u00fcne kadar ba\u011fl\u0131 oldu\u011fumuz ilkeler<br \/>\ndo\u011frultusunda, hizmet kalitesini s\u00fcrekli k\u0131lmak, m\u00fc\u015fterilerilerimizin ihtiya\u00e7, beklenti, \u015fikayet ve<br \/>\n\u00f6nerileri do\u011frultusunda ger\u00e7ekle\u015fen \u00e7\u00f6z\u00fcmleri kal\u0131c\u0131 hale getirerek sistemi s\u00fcrekli iyile\u015ftirmektir<\/p>\n<p>[\/vc_column_text][\/vc_column][\/vc_row]<\/p>\n","protected":false},"excerpt":{"rendered":"<p>[vc_row][vc_column][vc_text_separator title=&#8221;POL\u0130T\u0130KAMIZ&#8221;][vc_single_image image=&#8221;1346&#8243; img_size=&#8221;full&#8221; alignment=&#8221;center&#8221; style=&#8221;vc_box_shadow_border&#8221;][\/vc_column][\/vc_row][vc_row][vc_column][vc_column_text] Hizmet vermenin getirdi\u011fi sorumluluk ve bilin\u00e7le, bug\u00fcne kadar ba\u011fl\u0131 oldu\u011fumuz ilkeler do\u011frultusunda, hizmet kalitesini s\u00fcrekli k\u0131lmak, m\u00fc\u015fterilerilerimizin ihtiya\u00e7, beklenti, \u015fikayet ve \u00f6nerileri do\u011frultusunda ger\u00e7ekle\u015fen \u00e7\u00f6z\u00fcmleri kal\u0131c\u0131 hale getirerek sistemi s\u00fcrekli iyile\u015ftirmektir [\/vc_column_text][\/vc_column][\/vc_row]<\/p>\n","protected":false},"author":5,"featured_media":0,"parent":0,"menu_order":0,"comment_status":"closed","ping_status":"closed","template":"","meta":{"footnotes":""},"class_list":["post-1344","page","type-page","status-publish","hentry","description-off"],"jetpack_sharing_enabled":true,"_links":{"self":[{"href":"https:\/\/tufekcilogistics.com\/en\/wp-json\/wp\/v2\/pages\/1344","targetHints":{"allow":["GET"]}}],"collection":[{"href":"https:\/\/tufekcilogistics.com\/en\/wp-json\/wp\/v2\/pages"}],"about":[{"href":"https:\/\/tufekcilogistics.com\/en\/wp-json\/wp\/v2\/types\/page"}],"author":[{"embeddable":true,"href":"https:\/\/tufekcilogistics.com\/en\/wp-json\/wp\/v2\/users\/5"}],"replies":[{"embeddable":true,"href":"https:\/\/tufekcilogistics.com\/en\/wp-json\/wp\/v2\/comments?post=1344"}],"version-history":[{"count":3,"href":"https:\/\/tufekcilogistics.com\/en\/wp-json\/wp\/v2\/pages\/1344\/revisions"}],"predecessor-version":[{"id":1615,"href":"https:\/\/tufekcilogistics.com\/en\/wp-json\/wp\/v2\/pages\/1344\/revisions\/1615"}],"wp:attachment":[{"href":"https:\/\/tufekcilogistics.com\/en\/wp-json\/wp\/v2\/media?parent=1344"}],"curies":[{"name":"wp","href":"https:\/\/api.w.org\/{rel}","templated":true}]}}