{"id":1354,"date":"2023-10-16T20:03:12","date_gmt":"2023-10-16T17:03:12","guid":{"rendered":"https:\/\/tufekcilogistics.com\/?page_id=1354"},"modified":"2025-07-30T22:19:13","modified_gmt":"2025-07-30T19:19:13","slug":"depolama-ve-gumrukleme","status":"publish","type":"page","link":"https:\/\/tufekcilogistics.com\/en\/depolama-ve-gumrukleme\/","title":{"rendered":"DEPOLAMA VE G\u00dcMR\u00dcKLEME"},"content":{"rendered":"<p>[vc_row][vc_column width=&#8221;2\/3&#8243;][vc_text_separator title=&#8221;STORAGE AND CUSTOMS CLEARANCE&#8221;][vc_single_image image=&#8221;1356&#8243; img_size=&#8221;full&#8221; alignment=&#8221;center&#8221; style=&#8221;vc_box_shadow_border&#8221;][\/vc_column][vc_column width=&#8221;1\/3&#8243;][vc_column_text css_animation=&#8221;fadeInRight&#8221;]<\/p>\n<h3 style=\"text-align: center;\" data-start=\"88\" data-end=\"141\"><strong data-start=\"91\" data-end=\"141\">T\u00fcfek\u00e7i Logistics Dry Cargo Warehouse Services<\/strong><\/h3>\n<p class=\"\" style=\"text-align: center;\" data-start=\"143\" data-end=\"297\">T\u00fcfek\u00e7i Logistics offers fast and reliable logistics solutions through its extensive dry cargo warehouse network across Europe, Turkey, and Azerbaijan.<\/p>\n<p class=\"\" style=\"text-align: center;\" data-start=\"299\" data-end=\"537\"><strong data-start=\"302\" data-end=\"327\">Warehousing Services:<\/strong><br data-start=\"327\" data-end=\"330\" \/>We ensure the protection and storage of your goods under professional conditions in our modern and secure warehouses. We create and manage the ideal environment tailored to the characteristics of your cargo.<\/p>\n<p class=\"\" style=\"text-align: center;\" data-start=\"539\" data-end=\"767\"><strong data-start=\"542\" data-end=\"589\">Transit, Import &#038; Export Customs Clearance:<\/strong><br data-start=\"589\" data-end=\"592\" \/>We provide complete and professional customs clearance services for your cargo in transit, as well as for import and export procedures within international trade processes.<\/p>\n<p class=\"\" style=\"text-align: center;\" data-start=\"769\" data-end=\"967\"><strong data-start=\"772\" data-end=\"802\">Dangerous Goods Packaging:<\/strong><br data-start=\"802\" data-end=\"805\" \/>We ensure proper packaging and safe transportation of dangerous goods (ADR) in accordance with international standards and suitable for all types of transport.<\/p>\n<p class=\"\" style=\"text-align: center;\" data-start=\"969\" data-end=\"1132\"><strong data-start=\"972\" data-end=\"1001\">Handling and Repackaging:<\/strong><br data-start=\"1001\" data-end=\"1004\" \/>We carry out unloading, loading, sorting, and repackaging operations of your cargo quickly and efficiently in our warehouses.<\/p>\n<p class=\"\" style=\"text-align: center;\" data-start=\"1134\" data-end=\"1237\">With T\u00fcfek\u00e7i Logistics, your cargo is always safe, and your processes are faster and more efficient!<\/p>\n<p>[\/vc_column_text][\/vc_column][\/vc_row]<\/p>\n","protected":false},"excerpt":{"rendered":"<p>[vc_row][vc_column width=&#8221;2\/3&#8243;][vc_text_separator title=&#8221;STORAGE AND CUSTOMS CLEARANCE&#8221;][vc_single_image image=&#8221;1356&#8243; img_size=&#8221;full&#8221; alignment=&#8221;center&#8221; style=&#8221;vc_box_shadow_border&#8221;][\/vc_column][vc_column width=&#8221;1\/3&#8243;][vc_column_text css_animation=&#8221;fadeInRight&#8221;] T\u00fcfek\u00e7i Logistics Dry Cargo Warehouse Services T\u00fcfek\u00e7i Logistics offers fast and reliable logistics solutions through its extensive dry cargo warehouse network across Europe, Turkey, and Azerbaijan. Warehousing Services:We ensure the protection and storage of your goods under professional conditions in our modern and&hellip;<\/p>\n","protected":false},"author":5,"featured_media":0,"parent":0,"menu_order":0,"comment_status":"closed","ping_status":"closed","template":"","meta":{"footnotes":""},"class_list":["post-1354","page","type-page","status-publish","hentry","description-off"],"jetpack_sharing_enabled":true,"_links":{"self":[{"href":"https:\/\/tufekcilogistics.com\/en\/wp-json\/wp\/v2\/pages\/1354","targetHints":{"allow":["GET"]}}],"collection":[{"href":"https:\/\/tufekcilogistics.com\/en\/wp-json\/wp\/v2\/pages"}],"about":[{"href":"https:\/\/tufekcilogistics.com\/en\/wp-json\/wp\/v2\/types\/page"}],"author":[{"embeddable":true,"href":"https:\/\/tufekcilogistics.com\/en\/wp-json\/wp\/v2\/users\/5"}],"replies":[{"embeddable":true,"href":"https:\/\/tufekcilogistics.com\/en\/wp-json\/wp\/v2\/comments?post=1354"}],"version-history":[{"count":24,"href":"https:\/\/tufekcilogistics.com\/en\/wp-json\/wp\/v2\/pages\/1354\/revisions"}],"predecessor-version":[{"id":2010,"href":"https:\/\/tufekcilogistics.com\/en\/wp-json\/wp\/v2\/pages\/1354\/revisions\/2010"}],"wp:attachment":[{"href":"https:\/\/tufekcilogistics.com\/en\/wp-json\/wp\/v2\/media?parent=1354"}],"curies":[{"name":"wp","href":"https:\/\/api.w.org\/{rel}","templated":true}]}}