{"id":1383,"date":"2023-10-31T16:44:13","date_gmt":"2023-10-31T13:44:13","guid":{"rendered":"https:\/\/tufekcilogistics.com\/?page_id=1383"},"modified":"2026-02-02T10:25:51","modified_gmt":"2026-02-02T07:25:51","slug":"tir-olculeri","status":"publish","type":"page","link":"https:\/\/tufekcilogistics.com\/en\/tir-olculeri\/","title":{"rendered":"TIR \u00d6L\u00c7\u00dcLER\u0130"},"content":{"rendered":"<p>[vc_row][vc_column][vc_text_separator title=&#8221;TRUCK DIMENSIONS&#8221;][\/vc_column][\/vc_row][vc_row][vc_column][vc_single_image image=&#8221;2055&#8243; img_size=&#8221;large&#8221; alignment=&#8221;center&#8221; css_animation=&#8221;fadeInUp&#8221;][\/vc_column][\/vc_row]<\/p>\n","protected":false},"excerpt":{"rendered":"<p>[vc_row][vc_column][vc_text_separator title=&#8221;TRUCK DIMENSIONS&#8221;][\/vc_column][\/vc_row][vc_row][vc_column][vc_single_image image=&#8221;2055&#8243; img_size=&#8221;large&#8221; alignment=&#8221;center&#8221; css_animation=&#8221;fadeInUp&#8221;][\/vc_column][\/vc_row]<\/p>\n","protected":false},"author":5,"featured_media":0,"parent":0,"menu_order":0,"comment_status":"closed","ping_status":"closed","template":"","meta":{"footnotes":""},"class_list":["post-1383","page","type-page","status-publish","hentry","description-off"],"jetpack_sharing_enabled":true,"_links":{"self":[{"href":"https:\/\/tufekcilogistics.com\/en\/wp-json\/wp\/v2\/pages\/1383","targetHints":{"allow":["GET"]}}],"collection":[{"href":"https:\/\/tufekcilogistics.com\/en\/wp-json\/wp\/v2\/pages"}],"about":[{"href":"https:\/\/tufekcilogistics.com\/en\/wp-json\/wp\/v2\/types\/page"}],"author":[{"embeddable":true,"href":"https:\/\/tufekcilogistics.com\/en\/wp-json\/wp\/v2\/users\/5"}],"replies":[{"embeddable":true,"href":"https:\/\/tufekcilogistics.com\/en\/wp-json\/wp\/v2\/comments?post=1383"}],"version-history":[{"count":12,"href":"https:\/\/tufekcilogistics.com\/en\/wp-json\/wp\/v2\/pages\/1383\/revisions"}],"predecessor-version":[{"id":2060,"href":"https:\/\/tufekcilogistics.com\/en\/wp-json\/wp\/v2\/pages\/1383\/revisions\/2060"}],"wp:attachment":[{"href":"https:\/\/tufekcilogistics.com\/en\/wp-json\/wp\/v2\/media?parent=1383"}],"curies":[{"name":"wp","href":"https:\/\/api.w.org\/{rel}","templated":true}]}}