{"id":1424,"date":"2023-11-03T16:25:58","date_gmt":"2023-11-03T13:25:58","guid":{"rendered":"https:\/\/tufekcilogistics.com\/?page_id=1424"},"modified":"2025-07-30T22:17:47","modified_gmt":"2025-07-30T19:17:47","slug":"denizyolu-tasimaciligi","status":"publish","type":"page","link":"https:\/\/tufekcilogistics.com\/en\/denizyolu-tasimaciligi\/","title":{"rendered":"DEN\u0130ZYOLU TA\u015eIMACILI\u011eI"},"content":{"rendered":"<p>[vc_row][vc_column width=&#8221;2\/3&#8243;][vc_text_separator title=&#8221;SEA FREIGHT SERVICES&#8221;][vc_single_image image=&#8221;1543&#8243; img_size=&#8221;large&#8221;][\/vc_column][vc_column width=&#8221;1\/3&#8243;][vc_column_text css_animation=&#8221;fadeInRight&#8221;]<\/p>\n<p class=\"\" style=\"text-align: center;\" data-start=\"54\" data-end=\"204\"><strong data-start=\"1132\" data-end=\"1206\"><span data-slate-fragment=\"JTVCJTdCJTIydHlwZSUyMiUzQSUyMnBhcmFncmFwaCUyMiUyQyUyMmFsaWduJTIyJTNBJTIybGVmdCUyMiUyQyUyMmxpbmVIZWlnaHQlMjIlM0ExLjIxJTJDJTIyYmxvY2tTcGFjaW5nJTIyJTNBMCUyQyUyMmNoaWxkcmVuJTIyJTNBJTVCJTdCJTIyZm9udCUyMiUzQSUyMkNhcmxpdG8lMjIlMkMlMjJmb250U2l6ZSUyMiUzQTE0LjclMkMlMjJjb2xvciUyMiUzQSUyMjAwMDAwMCUyMiUyQyUyMmJvbGQlMjIlM0F0cnVlJTJDJTIyZm9udEFscGhhJTIyJTNBMSUyQyUyMml0YWxpYyUyMiUzQWZhbHNlJTJDJTIydW5kZXJsaW5lJTIyJTNBZmFsc2UlMkMlMjJzY2FsZVglMjIlM0ExMDAlMkMlMjJzdHJpa2V0aHJvdWdoJTIyJTNBZmFsc2UlMkMlMjJzdWJzY3JpcHQlMjIlM0FmYWxzZSUyQyUyMnN1cGVyc2NyaXB0JTIyJTNBZmFsc2UlMkMlMjJ0ZXh0JTIyJTNBJTIyU2VhJTIwRnJlaWdodCUyMFNlcnZpY2VzJTIyJTJDJTIybGluZUJyZWFrc1Bvc2l0aW9ucyUyMiUzQSU1QiU1RCUyQyUyMndvcmRTcGFjaW5nJTIyJTNBMCUyQyUyMmxldHRlclNwYWNpbmclMjIlM0EwJTdEJTVEJTdEJTVE\">Sea Freight Services<\/span><\/strong><\/p>\n<p style=\"text-align: center;\" data-start=\"54\" data-end=\"204\"><span data-slate-node=\"text\">At <\/span><span data-slate-node=\"text\" data-slate-fragment=\"JTVCJTdCJTIydHlwZSUyMiUzQSUyMnBhcmFncmFwaCUyMiUyQyUyMmFsaWduJTIyJTNBJTIybGVmdCUyMiUyQyUyMmxpbmVIZWlnaHQlMjIlM0ExLjIxJTJDJTIyYmxvY2tTcGFjaW5nJTIyJTNBMCUyQyUyMmNoaWxkcmVuJTIyJTNBJTVCJTdCJTIyZm9udCUyMiUzQSUyMkNhcmxpdG8lMjIlMkMlMjJmb250U2l6ZSUyMiUzQTE0LjclMkMlMjJjb2xvciUyMiUzQSUyMjAwMDAwMCUyMiUyQyUyMmJvbGQlMjIlM0FmYWxzZSUyQyUyMmZvbnRBbHBoYSUyMiUzQTElMkMlMjJpdGFsaWMlMjIlM0FmYWxzZSUyQyUyMnVuZGVybGluZSUyMiUzQWZhbHNlJTJDJTIyc2NhbGVYJTIyJTNBMTAwJTJDJTIyc3RyaWtldGhyb3VnaCUyMiUzQWZhbHNlJTJDJTIyc3Vic2NyaXB0JTIyJTNBZmFsc2UlMkMlMjJzdXBlcnNjcmlwdCUyMiUzQWZhbHNlJTJDJTIydGV4dCUyMiUzQSUyMkF0JTIwJTIyJTJDJTIybGluZUJyZWFrc1Bvc2l0aW9ucyUyMiUzQSU1QiU1RCUyQyUyMndvcmRTcGFjaW5nJTIyJTNBMCUyQyUyMmxldHRlclNwYWNpbmclMjIlM0EwJTdEJTJDJTdCJTIyZm9udCUyMiUzQSUyMkNhcmxpdG8lMjIlMkMlMjJmb250U2l6ZSUyMiUzQTE0LjclMkMlMjJjb2xvciUyMiUzQSUyMjAwMDAwMCUyMiUyQyUyMmJvbGQlMjIlM0F0cnVlJTJDJTIyZm9udEFscGhhJTIyJTNBMSUyQyUyMml0YWxpYyUyMiUzQWZhbHNlJTJDJTIydW5kZXJsaW5lJTIyJTNBZmFsc2UlMkMlMjJzY2FsZVglMjIlM0ExMDAlMkMlMjJzdHJpa2V0aHJvdWdoJTIyJTNBZmFsc2UlMkMlMjJzdWJzY3JpcHQlMjIlM0FmYWxzZSUyQyUyMnN1cGVyc2NyaXB0JTIyJTNBZmFsc2UlMkMlMjJ0ZXh0JTIyJTNBJTIyVCVDMyVCQ2ZlayVDMyVBN2klMjBMb2dpc3RpY3MlMjIlMkMlMjJsaW5lQnJlYWtzUG9zaXRpb25zJTIyJTNBJTVCJTVEJTJDJTIyd29yZFNwYWNpbmclMjIlM0EwJTJDJTIybGV0dGVyU3BhY2luZyUyMiUzQTAlN0QlNUQlN0QlNUQ=\"><strong>T\u00fcfek\u00e7i Logistics<\/strong><\/span><span data-slate-node=\"text\">, we offer reliable and cost-effective <\/span><span data-slate-node=\"text\"><strong>sea freight solutions <\/strong><\/span><span data-slate-node=\"text\" data-slate-fragment=\"JTVCJTdCJTIydHlwZSUyMiUzQSUyMnBhcmFncmFwaCUyMiUyQyUyMmFsaWduJTIyJTNBJTIybGVmdCUyMiUyQyUyMmxpbmVIZWlnaHQlMjIlM0ExLjIxJTJDJTIyYmxvY2tTcGFjaW5nJTIyJTNBMCUyQyUyMmNoaWxkcmVuJTIyJTNBJTVCJTdCJTIyZm9udCUyMiUzQSUyMkNhcmxpdG8lMjIlMkMlMjJmb250U2l6ZSUyMiUzQTE0LjclMkMlMjJjb2xvciUyMiUzQSUyMjAwMDAwMCUyMiUyQyUyMmJvbGQlMjIlM0FmYWxzZSUyQyUyMmZvbnRBbHBoYSUyMiUzQTElMkMlMjJpdGFsaWMlMjIlM0FmYWxzZSUyQyUyMnVuZGVybGluZSUyMiUzQWZhbHNlJTJDJTIyc2NhbGVYJTIyJTNBMTAwJTJDJTIyc3RyaWtldGhyb3VnaCUyMiUzQWZhbHNlJTJDJTIyc3Vic2NyaXB0JTIyJTNBZmFsc2UlMkMlMjJzdXBlcnNjcmlwdCUyMiUzQWZhbHNlJTJDJTIydGV4dCUyMiUzQSUyMiUyQyUyMHdlJTIwb2ZmZXIlMjByZWxpYWJsZSUyMGFuZCUyMGNvc3QtZWZmZWN0aXZlJTIwJTIyJTJDJTIybGluZUJyZWFrc1Bvc2l0aW9ucyUyMiUzQSU1QiU1RCUyQyUyMndvcmRTcGFjaW5nJTIyJTNBMCUyQyUyMmxldHRlclNwYWNpbmclMjIlM0EwJTdEJTJDJTdCJTIyZm9udCUyMiUzQSUyMkNhcmxpdG8lMjIlMkMlMjJmb250U2l6ZSUyMiUzQTE0LjclMkMlMjJjb2xvciUyMiUzQSUyMjAwMDAwMCUyMiUyQyUyMmJvbGQlMjIlM0F0cnVlJTJDJTIyZm9udEFscGhhJTIyJTNBMSUyQyUyMml0YWxpYyUyMiUzQWZhbHNlJTJDJTIydW5kZXJsaW5lJTIyJTNBZmFsc2UlMkMlMjJzY2FsZVglMjIlM0ExMDAlMkMlMjJzdHJpa2V0aHJvdWdoJTIyJTNBZmFsc2UlMkMlMjJzdWJzY3JpcHQlMjIlM0FmYWxzZSUyQyUyMnN1cGVyc2NyaXB0JTIyJTNBZmFsc2UlMkMlMjJ0ZXh0JTIyJTNBJTIyc2VhJTIwZnJlaWdodCUyMHNvbHV0aW9ucyUyMCUyMiUyQyUyMmxpbmVCcmVha3NQb3NpdGlvbnMlMjIlM0ElNUIlNUQlMkMlMjJ3b3JkU3BhY2luZyUyMiUzQTAlMkMlMjJsZXR0ZXJTcGFjaW5nJTIyJTNBMCU3RCUyQyU3QiUyMmZvbnQlMjIlM0ElMjJDYXJsaXRvJTIyJTJDJTIyZm9udFNpemUlMjIlM0ExNC43JTJDJTIyY29sb3IlMjIlM0ElMjIwMDAwMDAlMjIlMkMlMjJib2xkJTIyJTNBZmFsc2UlMkMlMjJmb250QWxwaGElMjIlM0ExJTJDJTIyaXRhbGljJTIyJTNBZmFsc2UlMkMlMjJ1bmRlcmxpbmUlMjIlM0FmYWxzZSUyQyUyMnNjYWxlWCUyMiUzQTEwMCUyQyUyMnN0cmlrZXRocm91Z2glMjIlM0FmYWxzZSUyQyUyMnN1YnNjcmlwdCUyMiUzQWZhbHNlJTJDJTIyc3VwZXJzY3JpcHQlMjIlM0FmYWxzZSUyQyUyMnRleHQlMjIlM0ElMjJvbiUyMGElMjBnbG9iYWwlMjBzY2FsZS4lMjBTZWElMjB0cmFuc3BvcnQlMjBpcyUyMG9uZSUyMG9mJTIwdGhlJTIwbW9zdCUyMGVmZmljaWVudCUyMGFuZCUyMGVjb25vbWljYWwlMjBtZXRob2RzJTIwZm9yJTIwc2hpcHBpbmclMjBsYXJnZSUyMiUyQyUyMmxpbmVCcmVha3NQb3NpdGlvbnMlMjIlM0ElNUIlNUQlMkMlMjJ3b3JkU3BhY2luZyUyMiUzQTAlMkMlMjJsZXR0ZXJTcGFjaW5nJTIyJTNBMCU3RCU1RCU3RCU1RA==\">on a global scale. Sea transport is one of the most efficient and economical methods for shipping large volumes of cargo over long distances.<\/span><\/p>\n<p style=\"text-align: center;\" data-start=\"54\" data-end=\"204\"><span data-slate-fragment=\"JTVCJTdCJTIydHlwZSUyMiUzQSUyMnBhcmFncmFwaCUyMiUyQyUyMmFsaWduJTIyJTNBJTIybGVmdCUyMiUyQyUyMmxpbmVIZWlnaHQlMjIlM0ExLjIxJTJDJTIyYmxvY2tTcGFjaW5nJTIyJTNBMCUyQyUyMmNoaWxkcmVuJTIyJTNBJTVCJTdCJTIyZm9udCUyMiUzQSUyMkNhcmxpdG8lMjIlMkMlMjJmb250U2l6ZSUyMiUzQTE0LjclMkMlMjJjb2xvciUyMiUzQSUyMjAwMDAwMCUyMiUyQyUyMmJvbGQlMjIlM0FmYWxzZSUyQyUyMmZvbnRBbHBoYSUyMiUzQTElMkMlMjJpdGFsaWMlMjIlM0FmYWxzZSUyQyUyMnVuZGVybGluZSUyMiUzQWZhbHNlJTJDJTIyc2NhbGVYJTIyJTNBMTAwJTJDJTIyc3RyaWtldGhyb3VnaCUyMiUzQWZhbHNlJTJDJTIyc3Vic2NyaXB0JTIyJTNBZmFsc2UlMkMlMjJzdXBlcnNjcmlwdCUyMiUzQWZhbHNlJTJDJTIydGV4dCUyMiUzQSUyMldlJTIwcHJvdmlkZSUyMGZsZXhpYmxlJTIwaW50ZXJuYXRpb25hbCUyMGNvbnRhaW5lciUyMHNoaXBwaW5nJTIwc2VydmljZXMlMjAoRkNMJTIwYW5kJTIwTENMKSUyQyUyMHdpdGglMjBvcHRpb25zJTIwZm9yJTIwcG9ydC10by1wb3J0JTIwYW5kJTIwZG9vci10by1kb29yJTIwZGVsaXZlcmllcyUyMHRhaWxvcmVkJTIwdG8lMjB5b3VyJTIwc3BlY2lmaWMlMjBuZWVkcy4lMjIlMkMlMjJsaW5lQnJlYWtzUG9zaXRpb25zJTIyJTNBJTVCJTVEJTJDJTIyd29yZFNwYWNpbmclMjIlM0EwJTJDJTIybGV0dGVyU3BhY2luZyUyMiUzQTAlN0QlNUQlN0QlNUQ=\">We provide flexible international container shipping services (FCL and LCL), with options for port-to-port and door-to-door deliveries tailored to your specific needs.<\/span><\/p>\n<p style=\"text-align: center;\" data-start=\"54\" data-end=\"204\"><strong>Our Sea Freight Services Include:<\/strong><\/p>\n<p style=\"text-align: center;\" data-start=\"54\" data-end=\"204\"><span data-slate-node=\"text\"><strong>FCL (Full Container Load) <\/strong><\/span><span data-slate-node=\"text\" data-slate-fragment=\"JTVCJTdCJTIydHlwZSUyMiUzQSUyMnBhcmFncmFwaCUyMiUyQyUyMmFsaWduJTIyJTNBJTIybGVmdCUyMiUyQyUyMmxpbmVIZWlnaHQlMjIlM0ExLjIxJTJDJTIyYmxvY2tTcGFjaW5nJTIyJTNBMCUyQyUyMmNoaWxkcmVuJTIyJTNBJTVCJTdCJTIyZm9udCUyMiUzQSUyMkNhcmxpdG8lMjIlMkMlMjJmb250U2l6ZSUyMiUzQTE0LjclMkMlMjJjb2xvciUyMiUzQSUyMjAwMDAwMCUyMiUyQyUyMmJvbGQlMjIlM0F0cnVlJTJDJTIyZm9udEFscGhhJTIyJTNBMSUyQyUyMml0YWxpYyUyMiUzQWZhbHNlJTJDJTIydW5kZXJsaW5lJTIyJTNBZmFsc2UlMkMlMjJzY2FsZVglMjIlM0ExMDAlMkMlMjJzdHJpa2V0aHJvdWdoJTIyJTNBZmFsc2UlMkMlMjJzdWJzY3JpcHQlMjIlM0FmYWxzZSUyQyUyMnN1cGVyc2NyaXB0JTIyJTNBZmFsc2UlMkMlMjJ0ZXh0JTIyJTNBJTIyRkNMJTIwKEZ1bGwlMjBDb250YWluZXIlMjBMb2FkKSUyMCUyMiUyQyUyMmxpbmVCcmVha3NQb3NpdGlvbnMlMjIlM0ElNUIlNUQlMkMlMjJ3b3JkU3BhY2luZyUyMiUzQTAlMkMlMjJsZXR0ZXJTcGFjaW5nJTIyJTNBMCU3RCUyQyU3QiUyMmZvbnQlMjIlM0ElMjJDYXJsaXRvJTIyJTJDJTIyZm9udFNpemUlMjIlM0ExNC43JTJDJTIyY29sb3IlMjIlM0ElMjIwMDAwMDAlMjIlMkMlMjJib2xkJTIyJTNBZmFsc2UlMkMlMjJmb250QWxwaGElMjIlM0ExJTJDJTIyaXRhbGljJTIyJTNBZmFsc2UlMkMlMjJ1bmRlcmxpbmUlMjIlM0FmYWxzZSUyQyUyMnNjYWxlWCUyMiUzQTEwMCUyQyUyMnN0cmlrZXRocm91Z2glMjIlM0FmYWxzZSUyQyUyMnN1YnNjcmlwdCUyMiUzQWZhbHNlJTJDJTIyc3VwZXJzY3JpcHQlMjIlM0FmYWxzZSUyQyUyMnRleHQlMjIlM0ElMjIlRTIlODAlOTMlMjBEZWRpY2F0ZWQlMjBjb250YWluZXIlMjBzaGlwcGluZyUyMGZvciUyMHlvdXIlMjBjYXJnby4lMjIlMkMlMjJsaW5lQnJlYWtzUG9zaXRpb25zJTIyJTNBJTVCJTVEJTJDJTIyd29yZFNwYWNpbmclMjIlM0EwJTJDJTIybGV0dGVyU3BhY2luZyUyMiUzQTAlN0QlNUQlN0QlNUQ=\">\u2013 Dedicated container shipping for your cargo.<\/span><\/p>\n<p style=\"text-align: center;\" data-start=\"54\" data-end=\"204\"><span data-slate-node=\"text\"><strong>LCL (Less than Container Load) <\/strong><\/span><span data-slate-node=\"text\" data-slate-fragment=\"JTVCJTdCJTIydHlwZSUyMiUzQSUyMnBhcmFncmFwaCUyMiUyQyUyMmFsaWduJTIyJTNBJTIybGVmdCUyMiUyQyUyMmxpbmVIZWlnaHQlMjIlM0ExLjIxJTJDJTIyYmxvY2tTcGFjaW5nJTIyJTNBMCUyQyUyMmNoaWxkcmVuJTIyJTNBJTVCJTdCJTIyZm9udCUyMiUzQSUyMkNhcmxpdG8lMjIlMkMlMjJmb250U2l6ZSUyMiUzQTE0LjclMkMlMjJjb2xvciUyMiUzQSUyMjAwMDAwMCUyMiUyQyUyMmJvbGQlMjIlM0F0cnVlJTJDJTIyZm9udEFscGhhJTIyJTNBMSUyQyUyMml0YWxpYyUyMiUzQWZhbHNlJTJDJTIydW5kZXJsaW5lJTIyJTNBZmFsc2UlMkMlMjJzY2FsZVglMjIlM0ExMDAlMkMlMjJzdHJpa2V0aHJvdWdoJTIyJTNBZmFsc2UlMkMlMjJzdWJzY3JpcHQlMjIlM0FmYWxzZSUyQyUyMnN1cGVyc2NyaXB0JTIyJTNBZmFsc2UlMkMlMjJ0ZXh0JTIyJTNBJTIyTENMJTIwKExlc3MlMjB0aGFuJTIwQ29udGFpbmVyJTIwTG9hZCklMjAlMjIlMkMlMjJsaW5lQnJlYWtzUG9zaXRpb25zJTIyJTNBJTVCJTVEJTJDJTIyd29yZFNwYWNpbmclMjIlM0EwJTJDJTIybGV0dGVyU3BhY2luZyUyMiUzQTAlN0QlMkMlN0IlMjJmb250JTIyJTNBJTIyQ2FybGl0byUyMiUyQyUyMmZvbnRTaXplJTIyJTNBMTQuNyUyQyUyMmNvbG9yJTIyJTNBJTIyMDAwMDAwJTIyJTJDJTIyYm9sZCUyMiUzQWZhbHNlJTJDJTIyZm9udEFscGhhJTIyJTNBMSUyQyUyMml0YWxpYyUyMiUzQWZhbHNlJTJDJTIydW5kZXJsaW5lJTIyJTNBZmFsc2UlMkMlMjJzY2FsZVglMjIlM0ExMDAlMkMlMjJzdHJpa2V0aHJvdWdoJTIyJTNBZmFsc2UlMkMlMjJzdWJzY3JpcHQlMjIlM0FmYWxzZSUyQyUyMnN1cGVyc2NyaXB0JTIyJTNBZmFsc2UlMkMlMjJ0ZXh0JTIyJTNBJTIyJUUyJTgwJTkzJTIwQ29uc29saWRhdGVkJTIwc2hpcG1lbnRzJTIwZm9yJTIwc21hbGxlciUyMGNhcmdvJTIwdm9sdW1lcy4lMjIlMkMlMjJsaW5lQnJlYWtzUG9zaXRpb25zJTIyJTNBJTVCJTVEJTJDJTIyd29yZFNwYWNpbmclMjIlM0EwJTJDJTIybGV0dGVyU3BhY2luZyUyMiUzQTAlN0QlNUQlN0QlNUQ=\">\u2013 Consolidated shipments for smaller cargo volumes.<\/span><\/p>\n<p style=\"text-align: center;\" data-start=\"54\" data-end=\"204\"><strong>Import and export freight services<\/strong><\/p>\n<p style=\"text-align: center;\" data-start=\"54\" data-end=\"204\"><strong>Customs clearance and documentation support<\/strong><\/p>\n<p style=\"text-align: center;\" data-start=\"54\" data-end=\"204\"><strong>Port-to-port and door-to-door delivery options<\/strong><\/p>\n<p style=\"text-align: center;\" data-start=\"54\" data-end=\"204\"><strong>Strong partnerships with major global ports and carriers<\/strong><\/p>\n<p style=\"text-align: center;\" data-start=\"54\" data-end=\"204\"><strong>Our Advantages:<\/strong><\/p>\n<p style=\"text-align: center;\" data-start=\"54\" data-end=\"204\"><span data-slate-fragment=\"JTVCJTdCJTIydHlwZSUyMiUzQSUyMnBhcmFncmFwaCUyMiUyQyUyMmFsaWduJTIyJTNBJTIybGVmdCUyMiUyQyUyMmxpbmVIZWlnaHQlMjIlM0ExLjIxJTJDJTIyYmxvY2tTcGFjaW5nJTIyJTNBMCUyQyUyMmNoaWxkcmVuJTIyJTNBJTVCJTdCJTIyZm9udCUyMiUzQSUyMkNhcmxpdG8lMjIlMkMlMjJmb250U2l6ZSUyMiUzQTE0LjclMkMlMjJjb2xvciUyMiUzQSUyMjAwMDAwMCUyMiUyQyUyMmJvbGQlMjIlM0FmYWxzZSUyQyUyMmZvbnRBbHBoYSUyMiUzQTElMkMlMjJpdGFsaWMlMjIlM0FmYWxzZSUyQyUyMnVuZGVybGluZSUyMiUzQWZhbHNlJTJDJTIyc2NhbGVYJTIyJTNBMTAwJTJDJTIyc3RyaWtldGhyb3VnaCUyMiUzQWZhbHNlJTJDJTIyc3Vic2NyaXB0JTIyJTNBZmFsc2UlMkMlMjJzdXBlcnNjcmlwdCUyMiUzQWZhbHNlJTJDJTIydGV4dCUyMiUzQSUyMlJlbGlhYmxlJTIwZ2xvYmFsJTIwc2hpcHBpbmclMjBsaW5lJTIwcGFydG5lcnMlMjIlMkMlMjJsaW5lQnJlYWtzUG9zaXRpb25zJTIyJTNBJTVCJTVEJTJDJTIyd29yZFNwYWNpbmclMjIlM0EwJTJDJTIybGV0dGVyU3BhY2luZyUyMiUzQTAlN0QlNUQlN0QlNUQ=\">Reliable global shipping line partners<\/span><\/p>\n<p style=\"text-align: center;\" data-start=\"54\" data-end=\"204\"><span data-slate-fragment=\"JTVCJTdCJTIydHlwZSUyMiUzQSUyMnBhcmFncmFwaCUyMiUyQyUyMmFsaWduJTIyJTNBJTIybGVmdCUyMiUyQyUyMmxpbmVIZWlnaHQlMjIlM0ExLjIxJTJDJTIyYmxvY2tTcGFjaW5nJTIyJTNBMCUyQyUyMmNoaWxkcmVuJTIyJTNBJTVCJTdCJTIyZm9udCUyMiUzQSUyMkNhcmxpdG8lMjIlMkMlMjJmb250U2l6ZSUyMiUzQTE0LjclMkMlMjJjb2xvciUyMiUzQSUyMjAwMDAwMCUyMiUyQyUyMmJvbGQlMjIlM0FmYWxzZSUyQyUyMmZvbnRBbHBoYSUyMiUzQTElMkMlMjJpdGFsaWMlMjIlM0FmYWxzZSUyQyUyMnVuZGVybGluZSUyMiUzQWZhbHNlJTJDJTIyc2NhbGVYJTIyJTNBMTAwJTJDJTIyc3RyaWtldGhyb3VnaCUyMiUzQWZhbHNlJTJDJTIyc3Vic2NyaXB0JTIyJTNBZmFsc2UlMkMlMjJzdXBlcnNjcmlwdCUyMiUzQWZhbHNlJTJDJTIydGV4dCUyMiUzQSUyMldpZGUlMjBuZXR3b3JrJTIwb2YlMjBhZ2VudHMlMjBhbmQlMjBwb3J0JTIwY29vcmRpbmF0aW9uJTIyJTJDJTIybGluZUJyZWFrc1Bvc2l0aW9ucyUyMiUzQSU1QiU1RCUyQyUyMndvcmRTcGFjaW5nJTIyJTNBMCUyQyUyMmxldHRlclNwYWNpbmclMjIlM0EwJTdEJTVEJTdEJTVE\">Wide network of agents and port coordination<\/span><\/p>\n<p style=\"text-align: center;\" data-start=\"54\" data-end=\"204\"><span data-slate-fragment=\"JTVCJTdCJTIydHlwZSUyMiUzQSUyMnBhcmFncmFwaCUyMiUyQyUyMmFsaWduJTIyJTNBJTIybGVmdCUyMiUyQyUyMmxpbmVIZWlnaHQlMjIlM0ExLjIxJTJDJTIyYmxvY2tTcGFjaW5nJTIyJTNBMCUyQyUyMmNoaWxkcmVuJTIyJTNBJTVCJTdCJTIyZm9udCUyMiUzQSUyMkNhcmxpdG8lMjIlMkMlMjJmb250U2l6ZSUyMiUzQTE0LjclMkMlMjJjb2xvciUyMiUzQSUyMjAwMDAwMCUyMiUyQyUyMmJvbGQlMjIlM0FmYWxzZSUyQyUyMmZvbnRBbHBoYSUyMiUzQTElMkMlMjJpdGFsaWMlMjIlM0FmYWxzZSUyQyUyMnVuZGVybGluZSUyMiUzQWZhbHNlJTJDJTIyc2NhbGVYJTIyJTNBMTAwJTJDJTIyc3RyaWtldGhyb3VnaCUyMiUzQWZhbHNlJTJDJTIyc3Vic2NyaXB0JTIyJTNBZmFsc2UlMkMlMjJzdXBlcnNjcmlwdCUyMiUzQWZhbHNlJTJDJTIydGV4dCUyMiUzQSUyMlJlYWwtdGltZSUyMGNhcmdvJTIwdHJhY2tpbmclMjIlMkMlMjJsaW5lQnJlYWtzUG9zaXRpb25zJTIyJTNBJTVCJTVEJTJDJTIyd29yZFNwYWNpbmclMjIlM0EwJTJDJTIybGV0dGVyU3BhY2luZyUyMiUzQTAlN0QlNUQlN0QlNUQ=\">Real-time cargo tracking<\/span><\/p>\n<p style=\"text-align: center;\" data-start=\"54\" data-end=\"204\"><span data-slate-fragment=\"JTVCJTdCJTIydHlwZSUyMiUzQSUyMnBhcmFncmFwaCUyMiUyQyUyMmFsaWduJTIyJTNBJTIybGVmdCUyMiUyQyUyMmxpbmVIZWlnaHQlMjIlM0ExLjIxJTJDJTIyYmxvY2tTcGFjaW5nJTIyJTNBMCUyQyUyMmNoaWxkcmVuJTIyJTNBJTVCJTdCJTIyZm9udCUyMiUzQSUyMkNhcmxpdG8lMjIlMkMlMjJmb250U2l6ZSUyMiUzQTE0LjclMkMlMjJjb2xvciUyMiUzQSUyMjAwMDAwMCUyMiUyQyUyMmJvbGQlMjIlM0FmYWxzZSUyQyUyMmZvbnRBbHBoYSUyMiUzQTElMkMlMjJpdGFsaWMlMjIlM0FmYWxzZSUyQyUyMnVuZGVybGluZSUyMiUzQWZhbHNlJTJDJTIyc2NhbGVYJTIyJTNBMTAwJTJDJTIyc3RyaWtldGhyb3VnaCUyMiUzQWZhbHNlJTJDJTIyc3Vic2NyaXB0JTIyJTNBZmFsc2UlMkMlMjJzdXBlcnNjcmlwdCUyMiUzQWZhbHNlJTJDJTIydGV4dCUyMiUzQSUyMlNhZmUlMkMlMjBlZmZpY2llbnQlMkMlMjBhbmQlMjBjb3N0LWVmZmVjdGl2ZSUyMGxvZ2lzdGljcyUyMHNvbHV0aW9ucyUyMiUyQyUyMmxpbmVCcmVha3NQb3NpdGlvbnMlMjIlM0ElNUIlNUQlMkMlMjJ3b3JkU3BhY2luZyUyMiUzQTAlMkMlMjJsZXR0ZXJTcGFjaW5nJTIyJTNBMCU3RCU1RCU3RCU1RA==\">Safe, efficient, and cost-effective logistics solutions<\/span><\/p>\n<p style=\"text-align: center;\" data-start=\"54\" data-end=\"204\"><span data-slate-node=\"text\"><strong>T\u00fcfek\u00e7i Logistics <\/strong><\/span><span data-slate-node=\"text\" data-slate-fragment=\"JTVCJTdCJTIydHlwZSUyMiUzQSUyMnBhcmFncmFwaCUyMiUyQyUyMmFsaWduJTIyJTNBJTIybGVmdCUyMiUyQyUyMmxpbmVIZWlnaHQlMjIlM0ExLjIxJTJDJTIyYmxvY2tTcGFjaW5nJTIyJTNBMCUyQyUyMmNoaWxkcmVuJTIyJTNBJTVCJTdCJTIyZm9udCUyMiUzQSUyMkNhcmxpdG8lMjIlMkMlMjJmb250U2l6ZSUyMiUzQTE0LjclMkMlMjJjb2xvciUyMiUzQSUyMjAwMDAwMCUyMiUyQyUyMmJvbGQlMjIlM0F0cnVlJTJDJTIyZm9udEFscGhhJTIyJTNBMSUyQyUyMml0YWxpYyUyMiUzQWZhbHNlJTJDJTIydW5kZXJsaW5lJTIyJTNBZmFsc2UlMkMlMjJzY2FsZVglMjIlM0ExMDAlMkMlMjJzdHJpa2V0aHJvdWdoJTIyJTNBZmFsc2UlMkMlMjJzdWJzY3JpcHQlMjIlM0FmYWxzZSUyQyUyMnN1cGVyc2NyaXB0JTIyJTNBZmFsc2UlMkMlMjJ0ZXh0JTIyJTNBJTIyVCVDMyVCQ2ZlayVDMyVBN2klMjBMb2dpc3RpY3MlMjAlMjIlMkMlMjJsaW5lQnJlYWtzUG9zaXRpb25zJTIyJTNBJTVCJTVEJTJDJTIyd29yZFNwYWNpbmclMjIlM0EwJTJDJTIybGV0dGVyU3BhY2luZyUyMiUzQTAlN0QlMkMlN0IlMjJmb250JTIyJTNBJTIyQ2FybGl0byUyMiUyQyUyMmZvbnRTaXplJTIyJTNBMTQuNyUyQyUyMmNvbG9yJTIyJTNBJTIyMDAwMDAwJTIyJTJDJTIyYm9sZCUyMiUzQWZhbHNlJTJDJTIyZm9udEFscGhhJTIyJTNBMSUyQyUyMml0YWxpYyUyMiUzQWZhbHNlJTJDJTIydW5kZXJsaW5lJTIyJTNBZmFsc2UlMkMlMjJzY2FsZVglMjIlM0ExMDAlMkMlMjJzdHJpa2V0aHJvdWdoJTIyJTNBZmFsc2UlMkMlMjJzdWJzY3JpcHQlMjIlM0FmYWxzZSUyQyUyMnN1cGVyc2NyaXB0JTIyJTNBZmFsc2UlMkMlMjJ0ZXh0JTIyJTNBJTIyJUUyJTgwJTk0JTIwRGVsaXZlcmluZyUyMHZhbHVlJTIwYWNyb3NzJTIwb2NlYW5zISUyMiUyQyUyMmxpbmVCcmVha3NQb3NpdGlvbnMlMjIlM0ElNUIlNUQlMkMlMjJ3b3JkU3BhY2luZyUyMiUzQTAlMkMlMjJsZXR0ZXJTcGFjaW5nJTIyJTNBMCU3RCU1RCU3RCU1RA==\">\u2014 Delivering value across oceans!<\/span><\/p>\n<p>[\/vc_column_text][\/vc_column][\/vc_row][vc_row][vc_column width=&#8221;1\/2&#8243;][\/vc_column][\/vc_row][vc_row][vc_column][vc_column_text]<\/p>\n<p>[\/vc_column_text][\/vc_column][\/vc_row]<\/p>\n","protected":false},"excerpt":{"rendered":"<p>[vc_row][vc_column width=&#8221;2\/3&#8243;][vc_text_separator title=&#8221;SEA FREIGHT SERVICES&#8221;][vc_single_image image=&#8221;1543&#8243; img_size=&#8221;large&#8221;][\/vc_column][vc_column width=&#8221;1\/3&#8243;][vc_column_text css_animation=&#8221;fadeInRight&#8221;] Sea Freight Services At T\u00fcfek\u00e7i Logistics, we offer reliable and cost-effective sea freight solutions on a global scale. Sea transport is one of the most efficient and economical methods for shipping large volumes of cargo over long distances. We provide flexible international container shipping services (FCL&hellip;<\/p>\n","protected":false},"author":5,"featured_media":0,"parent":0,"menu_order":0,"comment_status":"closed","ping_status":"closed","template":"","meta":{"footnotes":""},"class_list":["post-1424","page","type-page","status-publish","hentry","description-off"],"jetpack_sharing_enabled":true,"_links":{"self":[{"href":"https:\/\/tufekcilogistics.com\/en\/wp-json\/wp\/v2\/pages\/1424","targetHints":{"allow":["GET"]}}],"collection":[{"href":"https:\/\/tufekcilogistics.com\/en\/wp-json\/wp\/v2\/pages"}],"about":[{"href":"https:\/\/tufekcilogistics.com\/en\/wp-json\/wp\/v2\/types\/page"}],"author":[{"embeddable":true,"href":"https:\/\/tufekcilogistics.com\/en\/wp-json\/wp\/v2\/users\/5"}],"replies":[{"embeddable":true,"href":"https:\/\/tufekcilogistics.com\/en\/wp-json\/wp\/v2\/comments?post=1424"}],"version-history":[{"count":37,"href":"https:\/\/tufekcilogistics.com\/en\/wp-json\/wp\/v2\/pages\/1424\/revisions"}],"predecessor-version":[{"id":2007,"href":"https:\/\/tufekcilogistics.com\/en\/wp-json\/wp\/v2\/pages\/1424\/revisions\/2007"}],"wp:attachment":[{"href":"https:\/\/tufekcilogistics.com\/en\/wp-json\/wp\/v2\/media?parent=1424"}],"curies":[{"name":"wp","href":"https:\/\/api.w.org\/{rel}","templated":true}]}}