{"id":1440,"date":"2023-11-04T19:12:44","date_gmt":"2023-11-04T16:12:44","guid":{"rendered":"https:\/\/tufekcilogistics.com\/?page_id=1440"},"modified":"2025-07-30T12:51:31","modified_gmt":"2025-07-30T09:51:31","slug":"musteri-memnuniyetipolitikamiz","status":"publish","type":"page","link":"https:\/\/tufekcilogistics.com\/en\/musteri-memnuniyetipolitikamiz\/","title":{"rendered":"M\u00dc\u015eTER\u0130 MEMNUN\u0130YET\u0130 POL\u0130T\u0130KAMIZ"},"content":{"rendered":"<p>[vc_row][vc_column width=&#8221;2\/3&#8243;][vc_column_text]<\/p>\n<h1 data-start=\"97\" data-end=\"136\"><strong data-start=\"100\" data-end=\"136\">Our Customer Satisfaction Policy<\/strong><\/h1>\n<p>[\/vc_column_text][vc_single_image image=&#8221;1895&#8243; img_size=&#8221;large&#8221;][\/vc_column][vc_column width=&#8221;1\/3&#8243;][vc_column_text css_animation=&#8221;fadeInRight&#8221;]<\/p>\n<p class=\"\" data-start=\"138\" data-end=\"476\">At <strong data-start=\"141\" data-end=\"162\">T\u00fcfek\u00e7i Logistics<\/strong>,<br data-start=\"163\" data-end=\"166\" \/>we place <strong data-start=\"175\" data-end=\"200\">customer satisfaction<\/strong> at the core of everything we do.<br data-start=\"233\" data-end=\"236\" \/>With a deep sense of responsibility that comes from operating in the transportation and logistics sector, we are committed to providing fast, effective, and lasting solutions to our clients\u2019 needs, expectations, suggestions, and complaints.<\/p>\n<p class=\"\" data-start=\"478\" data-end=\"581\">Our goal is not only to be your reliable partner today,<br data-start=\"536\" data-end=\"539\" \/>but also in the future.<br data-start=\"562\" data-end=\"565\" \/>To achieve this:<\/p>\n<p class=\"\" data-start=\"583\" data-end=\"657\">We continuously <strong data-start=\"602\" data-end=\"636\">measure, evaluate, and improve<\/strong> our service quality.<\/p>\n<p class=\"\" data-start=\"659\" data-end=\"736\">We view every piece of customer feedback as an <strong data-start=\"709\" data-end=\"735\">opportunity for growth<\/strong>.<\/p>\n<p class=\"\" data-start=\"738\" data-end=\"824\">We never compromise on <strong data-start=\"765\" data-end=\"823\">transparency, honesty, and a solution-oriented mindset<\/strong>.<\/p>\n<p class=\"\" data-start=\"826\" data-end=\"911\">We train and empower all of our staff with a strong <strong data-start=\"881\" data-end=\"910\">customer-centric approach<\/strong>.<\/p>\n<p class=\"\" data-start=\"913\" data-end=\"1074\">We carefully listen to every client request, analyze it accurately,<br data-start=\"983\" data-end=\"986\" \/>and aim to deliver <strong data-start=\"1005\" data-end=\"1048\">tailored, fast, and effective solutions<\/strong> to maximize satisfaction.<\/p>\n<p class=\"\" data-start=\"1076\" data-end=\"1231\">At T\u00fcfek\u00e7i Logistics, we implement <strong data-start=\"1114\" data-end=\"1150\">systematic improvement processes<\/strong><br data-start=\"1150\" data-end=\"1153\" \/>to continuously enhance the customer experience, always striving to do better.<\/p>\n<p class=\"\" data-start=\"1233\" data-end=\"1318\"><strong data-start=\"1233\" data-end=\"1318\">T\u00fcfek\u00e7i Logistics \u2014 A service mindset with no limits in customer satisfaction!<\/strong><\/p>\n<p>[\/vc_column_text][\/vc_column][\/vc_row]<\/p>\n","protected":false},"excerpt":{"rendered":"<p>[vc_row][vc_column width=&#8221;2\/3&#8243;][vc_column_text] Our Customer Satisfaction Policy [\/vc_column_text][vc_single_image image=&#8221;1895&#8243; img_size=&#8221;large&#8221;][\/vc_column][vc_column width=&#8221;1\/3&#8243;][vc_column_text css_animation=&#8221;fadeInRight&#8221;] At T\u00fcfek\u00e7i Logistics,we place customer satisfaction at the core of everything we do.With a deep sense of responsibility that comes from operating in the transportation and logistics sector, we are committed to providing fast, effective, and lasting solutions to our clients\u2019 needs, expectations, suggestions,&hellip;<\/p>\n","protected":false},"author":5,"featured_media":0,"parent":0,"menu_order":0,"comment_status":"closed","ping_status":"closed","template":"","meta":{"footnotes":""},"class_list":["post-1440","page","type-page","status-publish","hentry","description-off"],"jetpack_sharing_enabled":true,"_links":{"self":[{"href":"https:\/\/tufekcilogistics.com\/en\/wp-json\/wp\/v2\/pages\/1440","targetHints":{"allow":["GET"]}}],"collection":[{"href":"https:\/\/tufekcilogistics.com\/en\/wp-json\/wp\/v2\/pages"}],"about":[{"href":"https:\/\/tufekcilogistics.com\/en\/wp-json\/wp\/v2\/types\/page"}],"author":[{"embeddable":true,"href":"https:\/\/tufekcilogistics.com\/en\/wp-json\/wp\/v2\/users\/5"}],"replies":[{"embeddable":true,"href":"https:\/\/tufekcilogistics.com\/en\/wp-json\/wp\/v2\/comments?post=1440"}],"version-history":[{"count":29,"href":"https:\/\/tufekcilogistics.com\/en\/wp-json\/wp\/v2\/pages\/1440\/revisions"}],"predecessor-version":[{"id":1985,"href":"https:\/\/tufekcilogistics.com\/en\/wp-json\/wp\/v2\/pages\/1440\/revisions\/1985"}],"wp:attachment":[{"href":"https:\/\/tufekcilogistics.com\/en\/wp-json\/wp\/v2\/media?parent=1440"}],"curies":[{"name":"wp","href":"https:\/\/api.w.org\/{rel}","templated":true}]}}